{"id":2906,"date":"2025-06-04T02:17:02","date_gmt":"2025-06-04T00:17:02","guid":{"rendered":"https:\/\/e-logis.com.pl\/?page_id=2906"},"modified":"2025-06-04T02:17:47","modified_gmt":"2025-06-04T00:17:47","slug":"polityka-cookies","status":"publish","type":"page","link":"https:\/\/e-logis.com.pl\/de\/polityka-cookies\/","title":{"rendered":"Cookie-Politik"},"content":{"rendered":"<div data-elementor-type=\"wp-page\" data-elementor-id=\"2906\" class=\"elementor elementor-2906\" data-elementor-post-type=\"page\">\n\t\t\t\t<div class=\"elementor-element elementor-element-18f69188 e-con-full pp e-flex e-con e-parent\" data-id=\"18f69188\" data-element_type=\"container\">\n\t\t\t\t<div class=\"elementor-element elementor-element-4b0bb7eb elementor-widget elementor-widget-text-editor\" data-id=\"4b0bb7eb\" data-element_type=\"widget\" data-widget_type=\"text-editor.default\">\n\t\t\t\t<div class=\"elementor-widget-container\">\n\t\t\t\t\t\t\t\t\t\n<h3 class=\"wp-block-heading\">Zur Sicherheit und Bequemlichkeit der Nutzer der Website m\u00f6chten wir Sie dar\u00fcber informieren, dass Sie durch die Navigation auf der Website der Verwendung von Cookies durch die Website zustimmen.<\/h3>\n\n\n\n<p>- Cookies (sog. \"Kekse\") sind IT-Daten, insbesondere Textdateien, die auf dem Endger\u00e4t des Dienstnutzers gespeichert werden und f\u00fcr die Nutzung der Website bestimmt sind. Cookies enthalten in der Regel den Namen der Website, von der sie stammen, die Zeit, in der sie auf dem Endger\u00e4t gespeichert werden, und eine eindeutige Nummer.<\/p>\n\n\n\n<p>- Die Cookies werden gespeichert, um die Sitzung des Nutzers auf der Website aufrechtzuerhalten, die Website an die Bed\u00fcrfnisse der einzelnen Nutzer anzupassen und Statistiken \u00fcber die Nutzung der Website zu erstellen.<\/p>\n\n\n\n<p>- Auf der Website k\u00f6nnen drei Haupttypen von Cookies verwendet werden: \"Sitzungscookies\", \"dauerhafte Cookies\" und Cookies von Dritten.<\/p>\n\n\n\n<p>- Sie k\u00f6nnen Ihre Cookie-Einstellungen jederzeit \u00e4ndern. Diese Einstellungen k\u00f6nnen insbesondere so ge\u00e4ndert werden, dass die automatische Behandlung von Cookies in den Einstellungen Ihres Webbrowsers blockiert wird oder dass Sie jedes Mal dar\u00fcber informiert werden, wenn sie auf dem Ger\u00e4t eines Nutzers des Dienstes platziert werden. Detaillierte Informationen \u00fcber die M\u00f6glichkeiten und Methoden der Verwendung von Cookies sind in den Einstellungen Ihrer Software (Webbrowser) verf\u00fcgbar.<\/p>\n\n\n\n<p>- Bitte beachten Sie, dass die Einschr\u00e4nkung der Verwendung von Cookies einige der auf der Website verf\u00fcgbaren Funktionen beeintr\u00e4chtigen und das ordnungsgem\u00e4\u00dfe Funktionieren der Website verhindern kann.<\/p>\n\n\n\n<p>- Wie kann ich die Erstellung von Cookies in meinem Browser deaktivieren?<br>Opera-Browser<br>Firefox-Browser<br>Chrome-Browser<br>Internet Explorer-Browser<br>Safari-Browser<\/p>\n\t\t\t\t\t\t\t\t<\/div>\n\t\t\t\t<\/div>\n\t\t\t\t<\/div>\n\t\t\t\t<\/div>","protected":false},"excerpt":{"rendered":"<p>W trosce o bezpiecze\u0144stwo i wygod\u0119 u\u017cytkownik\u00f3w serwisu informujemy, \u017ce poruszaj\u0105c si\u0119 po stronie wyra\u017casz zgod\u0119 na wykorzystywanie przez serwis internetowy plik\u00f3w cookies. &#8211; Pliki cookies (tzw. \u201eciasteczka\u201d) stanowi\u0105 dane informatyczne, w szczeg\u00f3lno\u015bci pliki tekstowe, kt\u00f3re przechowywane s\u0105 w urz\u0105dzeniu ko\u0144cowym U\u017cytkownika Serwisu i przeznaczone s\u0105 do korzystania ze stron internetowych Serwisu. Cookies zazwyczaj zawieraj\u0105 [&hellip;]<\/p>","protected":false},"author":1,"featured_media":0,"parent":0,"menu_order":0,"comment_status":"closed","ping_status":"closed","template":"","meta":{"footnotes":""},"class_list":["post-2906","page","type-page","status-publish","hentry"],"_links":{"self":[{"href":"https:\/\/e-logis.com.pl\/de\/wp-json\/wp\/v2\/pages\/2906","targetHints":{"allow":["GET"]}}],"collection":[{"href":"https:\/\/e-logis.com.pl\/de\/wp-json\/wp\/v2\/pages"}],"about":[{"href":"https:\/\/e-logis.com.pl\/de\/wp-json\/wp\/v2\/types\/page"}],"author":[{"embeddable":true,"href":"https:\/\/e-logis.com.pl\/de\/wp-json\/wp\/v2\/users\/1"}],"replies":[{"embeddable":true,"href":"https:\/\/e-logis.com.pl\/de\/wp-json\/wp\/v2\/comments?post=2906"}],"version-history":[{"count":0,"href":"https:\/\/e-logis.com.pl\/de\/wp-json\/wp\/v2\/pages\/2906\/revisions"}],"wp:attachment":[{"href":"https:\/\/e-logis.com.pl\/de\/wp-json\/wp\/v2\/media?parent=2906"}],"curies":[{"name":"wp","href":"https:\/\/api.w.org\/{rel}","templated":true}]}}