{"id":3,"date":"2024-04-22T05:31:45","date_gmt":"2024-04-22T03:31:45","guid":{"rendered":"https:\/\/e-logis.com.pl\/?page_id=3"},"modified":"2025-06-04T02:12:31","modified_gmt":"2025-06-04T00:12:31","slug":"polityka-prywatnosci","status":"publish","type":"page","link":"https:\/\/e-logis.com.pl\/de\/polityka-prywatnosci\/","title":{"rendered":"Datenschutzbestimmungen"},"content":{"rendered":"<div data-elementor-type=\"wp-page\" data-elementor-id=\"3\" class=\"elementor elementor-3\" data-elementor-post-type=\"page\">\n\t\t\t\t<div class=\"elementor-element elementor-element-6bdc1694 e-con-full pp e-flex e-con e-parent\" data-id=\"6bdc1694\" data-element_type=\"container\">\n\t\t\t\t<div class=\"elementor-element elementor-element-1913704d elementor-widget elementor-widget-text-editor\" data-id=\"1913704d\" data-element_type=\"widget\" data-widget_type=\"text-editor.default\">\n\t\t\t\t<div class=\"elementor-widget-container\">\n\t\t\t\t\t\t\t\t\t\n<h3 class=\"wp-block-heading\"><strong>1. Allgemeine Informationen.<\/strong><\/h3>\n\n<p><br \/>1. Der Betreiber des Dienstes [Dienstadresse, z.B. www.elmex.com.pl] ist ELMEX LOGISTICS GROUP Sp\u00f3\u0142ka z ograniczon\u0105 odpowiedzialno\u015bci\u0105 . 62-020 Swarz\u0119dz, Jasin, ul. Pozna\u0144ska 115.<br \/>2 Der Dienst \u00fcbt Funktionen aus, um Informationen \u00fcber die Nutzer und ihr Verhalten auf folgende Weise zu erhalten: - Durch die freiwilligen Angaben in den Formularen.<br \/>- Durch die Speicherung von Cookies (sog. \"Cookies\") auf den Endger\u00e4ten.<br \/>- Durch die Sammlung von Webserver-Logs durch den Hosting-Betreiber Home.pl S.A., der unter der Adresse www.elmex.com.pl.<\/p>\n\n<h3 class=\"wp-block-heading\"><strong>2. die Informationen in den Formularen.<\/strong><\/h3>\n\n<p><br \/>1 Der Dienst sammelt Informationen, die der Nutzer freiwillig zur Verf\u00fcgung stellt.<br \/>2. der Dienst kann auch Informationen \u00fcber die Verbindungsparameter (Zeitstempel, IP-Adresse) speichern<br \/>3 Die Daten im Formular d\u00fcrfen nur mit Zustimmung des Nutzers an Dritte weitergegeben werden.<br \/>(4) Die im Formular angegebenen Daten k\u00f6nnen eine Reihe von potenziellen Kunden darstellen, die vom Betreiber des Dienstes in das vom Generalinspektor f\u00fcr den Schutz personenbezogener Daten gef\u00fchrte Register eingetragen werden.<br \/>(5) Die im Formular angegebenen Daten werden zu dem Zweck verarbeitet, der sich aus der Funktion des jeweiligen Formulars ergibt, z.B. zur Bearbeitung einer Service-Anfrage oder zur Herstellung eines Vertriebskontakts.<\/p>\n\n<h3 class=\"wp-block-heading\"><strong>3 Informationen \u00fcber Cookies.<\/strong><\/h3>\n\n<p><br \/>1 Die Website verwendet Cookies.<br \/>(2) Cookies (sog. \"Cookies\") sind IT-Daten, insbesondere Textdateien, die im Endger\u00e4t des Dienstnutzers gespeichert werden und f\u00fcr die Nutzung der Website bestimmt sind. Cookies enthalten in der Regel den Namen der Website, von der sie stammen, die Zeit, in der sie auf dem Endger\u00e4t gespeichert werden, und eine eindeutige Nummer.<br \/>Der Betreiber der Website ist derjenige, der die Cookies auf dem Endger\u00e4t des Website-Benutzers platziert und sich Zugang zu ihnen verschafft.<br \/>4 Cookies werden f\u00fcr die folgenden Zwecke verwendet:<br \/>- die Erstellung von Statistiken, die uns helfen zu verstehen, wie die Besucher der Website die Websites nutzen, was es uns erm\u00f6glicht, deren Struktur und Inhalt zu verbessern;<br \/>- Aufrechterhaltung einer Sitzung des Nutzers des Dienstes (nach dem Einloggen), dank derer der Nutzer sein Login und sein Passwort nicht auf jeder Unterseite des Dienstes erneut eingeben muss;<br \/>- um Ihr Profil zu erstellen, damit Ihnen in Werbenetzwerken, insbesondere im Google-Netzwerk, ma\u00dfgeschneiderte Inhalte angezeigt werden k\u00f6nnen.<br \/>(5) Der Dienst verwendet zwei Haupttypen von Cookies: \"Session\" (Sitzungscookies) und \"Permanent\" (dauerhafte Cookies). \"Sitzungs-Cookies\" sind tempor\u00e4re Dateien, die auf dem Endger\u00e4t des Nutzers gespeichert werden, bis dieser sich abmeldet, die Website verl\u00e4sst oder die Software (Webbrowser) ausschaltet. \"Dauerhafte\" Cookies werden auf dem Endger\u00e4t des Nutzers f\u00fcr die in den Cookie-Parametern angegebene Zeit oder bis zu ihrer L\u00f6schung durch den Nutzer gespeichert.<br \/>(6) Web-Browsing-Software (Web-Browser) erlaubt in der Regel standardm\u00e4\u00dfig die Speicherung von Cookies auf dem Endger\u00e4t des Nutzers. Die Nutzer der Website k\u00f6nnen ihre diesbez\u00fcglichen Einstellungen \u00e4ndern. Der Internet-Browser bietet die M\u00f6glichkeit, Cookies zu l\u00f6schen. Es ist auch m\u00f6glich, Cookies automatisch zu blockieren. Einzelheiten entnehmen Sie bitte der Hilfe oder Dokumentation Ihres Internet-Browsers.<br \/>7 Die Einschr\u00e4nkung der Verwendung von Cookies kann bestimmte Funktionen der Website beeintr\u00e4chtigen.<br \/>8 Cookies, die im Endger\u00e4t des Nutzers des Dienstes platziert werden und auch von Werbetreibenden und Partnern, die mit dem Betreiber des Dienstes zusammenarbeiten, verwendet werden k\u00f6nnen.<br \/>9 Wir empfehlen, die Datenschutzrichtlinien dieser Unternehmen zu lesen, um die Verwendung von Cookies f\u00fcr Statistiken zu verstehen: Google Analytics Datenschutzrichtlinie<br \/>10 Cookies k\u00f6nnen von Werbenetzwerken, insbesondere dem Google-Netzwerk, verwendet werden, um Werbung anzuzeigen, die auf die Nutzung der Website durch den Nutzer zugeschnitten ist. Zu diesem Zweck k\u00f6nnen sie Informationen \u00fcber den Navigationspfad des Nutzers oder die auf einer bestimmten Seite verbrachte Zeit aufbewahren.<br \/>11. Was die vom Google-Werbenetzwerk gesammelten Informationen \u00fcber die Nutzerpr\u00e4ferenzen betrifft, so kann der Nutzer die aus den Cookies resultierenden Informationen mit dem folgenden Tool einsehen und bearbeiten: https:\/\/www.google.com\/ads\/preferences\/.<br \/>12 Unsere Website verwendet ein Conversion Tracking Tool (\"Conversion Tracking Pixel\") der: Facebook Inc. mit Sitz in 1601 S. California Ave., Palo Alto, CA 94304, USA,http:\/\/www.facebook.com (\"Facebook\"), und\/oder Twitter International Company, mit eingetragenem Sitz in The Academy 42, Pearse Street, Dublin 2, Irland, http:\/\/www.twitter.com (\"Twitter\"). Mit diesem Tool k\u00f6nnen wir die Aktivit\u00e4ten der Nutzer nachverfolgen, nachdem sie durch Anklicken der Werbung des Partners auf die Website des Diensteanbieters weitergeleitet worden sind. Auf diese Weise k\u00f6nnen wir die Wirksamkeit der auf Facebook oder Twitter geschalteten Anzeigen f\u00fcr statistische oder Marktforschungszwecke erfassen. Die erhobenen Daten sind anonym. Das bedeutet, dass wir keine pers\u00f6nlichen Daten \u00fcber einzelne Nutzer sehen. Diese Daten werden jedoch von Facebook oder Twitter gespeichert und verarbeitet. Die Angaben, die wir in diesem Zusammenhang machen, sind nach bestem Wissen und Gewissen richtig. Facebook und Twitter k\u00f6nnen die Daten mit Ihrem Facebook- bzw. Twitter-Konto verkn\u00fcpfen und f\u00fcr eigene Werbezwecke gem\u00e4\u00df ihrer Datenschutzrichtlinien nutzen: https:\/\/www.facebook.com\/about\/privacy\/ oder https:\/\/twitter.com\/privacy. Die Conversion-Tracking-Funktion erm\u00f6glicht es Facebook, Twitter und ihren Partnern, Werbung sowohl auf ihren Diensten als auch au\u00dferhalb anzuzeigen. Au\u00dferdem werden in beiden F\u00e4llen Cookies f\u00fcr den gleichen Zweck auf Ihrem Computer gespeichert. Klicken Sie hier, wenn Sie Ihre Zustimmung widerrufen m\u00f6chten: https:\/\/www.facebook.com\/ads\/website_custom_audiences\/ oder https:\/\/twitter.com\/settings\/security<\/p>\n\n<h3 class=\"wp-block-heading\"><strong>4. Server-Protokolle.<\/strong><\/h3>\n\n<p><br \/>1 Informationen \u00fcber ein bestimmtes Nutzerverhalten werden auf der Serverebene protokolliert. Diese Daten werden ausschlie\u00dflich f\u00fcr die Verwaltung der Website und zur Sicherstellung der bestm\u00f6glichen Effizienz der angebotenen Hosting-Dienste verwendet.<br \/>(2) Die aufgerufenen Ressourcen werden durch URLs gekennzeichnet. Dar\u00fcber hinaus kann der Datensatz Gegenstand von sein:<br \/>- der Zeitpunkt der Untersuchung,<br \/>- Zeitpunkt der \u00dcbermittlung der Antwort,<br \/>- der Name der Client-Station - Identifizierung \u00fcber das HTTP-Protokoll,<br \/>- Informationen \u00fcber Fehler, die w\u00e4hrend der Ausf\u00fchrung der HTTP-Transaktion aufgetreten sind,<br \/>- die URL einer zuvor vom Nutzer besuchten Seite (Referer-Link) - wenn die Website \u00fcber einen Link aufgerufen wurde, Informationen \u00fcber den Browser des Nutzers,<br \/>- Informationen zur IP-Adresse.<br \/>Die oben genannten Daten sind nicht mit bestimmten Besuchern verbunden.<br \/>(4) Die oben genannten Daten werden nur zum Zweck der Serververwaltung verwendet.<\/p>\n\n<h3 class=\"wp-block-heading\"><strong>5 Gemeinsame Nutzung von Daten.<\/strong><\/h3>\n\n<p><br \/>1 Die Daten werden nur im Rahmen der gesetzlichen Bestimmungen an externe Stellen weitergegeben.<br \/>(2) Pers\u00f6nlich identifizierbare Informationen werden nur mit Zustimmung der betreffenden Person weitergegeben.<br \/>(3) Der Betreiber kann verpflichtet sein, die vom Dienst gesammelten Informationen auf der Grundlage rechtm\u00e4\u00dfiger Anfragen im Umfang der Anfrage an autorisierte Beh\u00f6rden weiterzugeben.<\/p>\n\n<h3 class=\"wp-block-heading\"><strong>6 Umgang mit Cookies - wie kann die Zustimmung in der Praxis erteilt und zur\u00fcckgezogen werden?<\/strong><\/h3>\n\n<p><br \/>Wenn Sie keine Cookies erhalten m\u00f6chten, k\u00f6nnen Sie Ihre Browsereinstellungen \u00e4ndern. Wir weisen darauf hin, dass die Deaktivierung von Cookies, die f\u00fcr Authentifizierungsprozesse, die Sicherheit und die Beibehaltung von Benutzerpr\u00e4ferenzen unerl\u00e4sslich sind, die Nutzung der Websites erschweren und in extremen F\u00e4llen unm\u00f6glich machen kann<br \/>2 Um Ihre Cookie-Einstellungen zu verwalten, w\u00e4hlen Sie Ihren Browser\/Ihr System aus der folgenden Liste aus und folgen Sie den Anweisungen:<br \/>Internet Explorer<br \/>Chrom<br \/>Safari<br \/>Firefox<br \/>Oper<br \/>Android<br \/>Safari (iOS)<br \/>Windows Phone<br \/>Blackberry<\/p>\n\n<h3 class=\"wp-block-heading\"><strong>7 Kontaktaufnahme mit der Elmex Logistics Group sp\u00f3\u0142ka z ograniczon\u0105 odpowiedzialno\u015bci\u0105 sp\u00f3\u0142ka jawna bez\u00fcglich personenbezogener Daten<\/strong><\/h3>\n\n<p><br \/>1 Um die Sicherheit Ihrer personenbezogenen Daten zu gew\u00e4hrleisten und sicherzustellen, dass die Verarbeitung im Einklang mit den Bestimmungen der Verordnung (EU) 2016\/679 des Europ\u00e4ischen Parlaments und des Rates vom 27. April 2016 zum Schutz nat\u00fcrlicher Personen bei der Verarbeitung personenbezogener Daten, zum freien Datenverkehr und zur Aufhebung der Richtlinie 95\/46\/EG erfolgt, hat die Elmex Logistics Group GmbH einen Datenschutzbeauftragten (DSB) bestellt. Der beh\u00f6rdliche Datenschutzbeauftragte ist die Person, an die Sie sich in allen Fragen im Zusammenhang mit der Verarbeitung Ihrer personenbezogenen Daten und der Aus\u00fcbung Ihrer Rechte im Zusammenhang mit der Verarbeitung wenden k\u00f6nnen.<br \/>2 Der beh\u00f6rdliche Datenschutzbeauftragte ist unter den folgenden E-Mail-Adressen zu erreichen: iodo@elmex.com.pl und unter: Elmex Logistics Group sp\u00f3\u0142ka z ograniczon\u0105 odpowiedzialno\u015bci\u0105 ul. Pozna\u0144ska 115, Jasin 62-020 Swarz\u0119dz (mit dem Vermerk \"Beauftragter f\u00fcr den Schutz personenbezogener Daten\").\"<\/p>\n\n<p>\u00a0<\/p>\n\t\t\t\t\t\t\t\t<\/div>\n\t\t\t\t<\/div>\n\t\t\t\t<\/div>\n\t\t\t\t<\/div>","protected":false},"excerpt":{"rendered":"<p>1. Informacje og\u00f3lne. 1. Operatorem Serwisu [adres serwisu, np. www.elmex.com.pl] jest ELMEX LOGISTICS GROUP Sp\u00f3\u0142ka z ograniczon\u0105 odpowiedzialno\u015bci\u0105 . 62-020 Swarz\u0119dz, Jasin, ul. Pozna\u0144ska 115.2. Serwis realizuje funkcje pozyskiwania informacji o u\u017cytkownikach i ich zachowaniu w nast\u0119puj\u0105cy spos\u00f3b: \u2013 Poprzez dobrowolnie wprowadzone w formularzach informacje.\u2013 Poprzez zapisywanie w urz\u0105dzeniach ko\u0144cowych pliki cookie (tzw. \u201eciasteczka\u201d).\u2013 Poprzez [&hellip;]<\/p>","protected":false},"author":1,"featured_media":0,"parent":0,"menu_order":0,"comment_status":"closed","ping_status":"open","template":"","meta":{"footnotes":""},"class_list":["post-3","page","type-page","status-publish","hentry"],"_links":{"self":[{"href":"https:\/\/e-logis.com.pl\/de\/wp-json\/wp\/v2\/pages\/3","targetHints":{"allow":["GET"]}}],"collection":[{"href":"https:\/\/e-logis.com.pl\/de\/wp-json\/wp\/v2\/pages"}],"about":[{"href":"https:\/\/e-logis.com.pl\/de\/wp-json\/wp\/v2\/types\/page"}],"author":[{"embeddable":true,"href":"https:\/\/e-logis.com.pl\/de\/wp-json\/wp\/v2\/users\/1"}],"replies":[{"embeddable":true,"href":"https:\/\/e-logis.com.pl\/de\/wp-json\/wp\/v2\/comments?post=3"}],"version-history":[{"count":0,"href":"https:\/\/e-logis.com.pl\/de\/wp-json\/wp\/v2\/pages\/3\/revisions"}],"wp:attachment":[{"href":"https:\/\/e-logis.com.pl\/de\/wp-json\/wp\/v2\/media?parent=3"}],"curies":[{"name":"wp","href":"https:\/\/api.w.org\/{rel}","templated":true}]}}