{"id":2906,"date":"2025-06-04T02:17:02","date_gmt":"2025-06-04T00:17:02","guid":{"rendered":"https:\/\/e-logis.com.pl\/?page_id=2906"},"modified":"2025-06-04T02:17:47","modified_gmt":"2025-06-04T00:17:47","slug":"polityka-cookies","status":"publish","type":"page","link":"https:\/\/e-logis.com.pl\/en\/polityka-cookies\/","title":{"rendered":"Cookie policy"},"content":{"rendered":"<div data-elementor-type=\"wp-page\" data-elementor-id=\"2906\" class=\"elementor elementor-2906\" data-elementor-post-type=\"page\">\n\t\t\t\t<div class=\"elementor-element elementor-element-18f69188 e-con-full pp e-flex e-con e-parent\" data-id=\"18f69188\" data-element_type=\"container\">\n\t\t\t\t<div class=\"elementor-element elementor-element-4b0bb7eb elementor-widget elementor-widget-text-editor\" data-id=\"4b0bb7eb\" data-element_type=\"widget\" data-widget_type=\"text-editor.default\">\n\t\t\t\t<div class=\"elementor-widget-container\">\n\t\t\t\t\t\t\t\t\t\n<h3 class=\"wp-block-heading\">For the safety and convenience of website users, we would like to inform you that by navigating the website you agree to the website's use of cookies.<\/h3>\n\n\n\n<p>- Cookies (so-called \"cookies\") are IT data, in particular text files, which are stored in the Service User's terminal equipment and are intended for use on the Website. Cookies usually contain the name of the website they come from, the time they are stored on the terminal equipment and a unique number.<\/p>\n\n\n\n<p>- Cookies will be stored for the purposes of maintaining the user's session on the website, adapting the website to individual users' needs and creating website viewing statistics.<\/p>\n\n\n\n<p>- Three main types of cookies may be used on the Website: \"session cookies\", \"persistent cookies\" and third-party cookies.<\/p>\n\n\n\n<p>- You may change your cookie settings at any time. These settings can be changed in particular in such a way as to block the automatic handling of cookies in the settings of your web browser or inform on their each time they are placed on the device of a User of the Service. Detailed information on the possibility and methods of using cookies is available in the settings of your software (web browser).<\/p>\n\n\n\n<p>- Please be advised that restricting the use of cookies may affect some of the functionality available on the website and prevent the website from functioning correctly.<\/p>\n\n\n\n<p>- How do I deactivate the creation of cookies in my browser?<br>Opera browser<br>Firefox browser<br>Chrome browser<br>Internet Explorer browser<br>Safari browser<\/p>\n\t\t\t\t\t\t\t\t<\/div>\n\t\t\t\t<\/div>\n\t\t\t\t<\/div>\n\t\t\t\t<\/div>","protected":false},"excerpt":{"rendered":"<p>W trosce o bezpiecze\u0144stwo i wygod\u0119 u\u017cytkownik\u00f3w serwisu informujemy, \u017ce poruszaj\u0105c si\u0119 po stronie wyra\u017casz zgod\u0119 na wykorzystywanie przez serwis internetowy plik\u00f3w cookies. &#8211; Pliki cookies (tzw. \u201eciasteczka\u201d) stanowi\u0105 dane informatyczne, w szczeg\u00f3lno\u015bci pliki tekstowe, kt\u00f3re przechowywane s\u0105 w urz\u0105dzeniu ko\u0144cowym U\u017cytkownika Serwisu i przeznaczone s\u0105 do korzystania ze stron internetowych Serwisu. Cookies zazwyczaj zawieraj\u0105 [&hellip;]<\/p>","protected":false},"author":1,"featured_media":0,"parent":0,"menu_order":0,"comment_status":"closed","ping_status":"closed","template":"","meta":{"footnotes":""},"class_list":["post-2906","page","type-page","status-publish","hentry"],"_links":{"self":[{"href":"https:\/\/e-logis.com.pl\/en\/wp-json\/wp\/v2\/pages\/2906","targetHints":{"allow":["GET"]}}],"collection":[{"href":"https:\/\/e-logis.com.pl\/en\/wp-json\/wp\/v2\/pages"}],"about":[{"href":"https:\/\/e-logis.com.pl\/en\/wp-json\/wp\/v2\/types\/page"}],"author":[{"embeddable":true,"href":"https:\/\/e-logis.com.pl\/en\/wp-json\/wp\/v2\/users\/1"}],"replies":[{"embeddable":true,"href":"https:\/\/e-logis.com.pl\/en\/wp-json\/wp\/v2\/comments?post=2906"}],"version-history":[{"count":0,"href":"https:\/\/e-logis.com.pl\/en\/wp-json\/wp\/v2\/pages\/2906\/revisions"}],"wp:attachment":[{"href":"https:\/\/e-logis.com.pl\/en\/wp-json\/wp\/v2\/media?parent=2906"}],"curies":[{"name":"wp","href":"https:\/\/api.w.org\/{rel}","templated":true}]}}